{"id":1798,"date":"2013-01-23T19:06:53","date_gmt":"2013-01-23T18:06:53","guid":{"rendered":"http:\/\/ph.inboundmarketer.es\/?page_id=1798"},"modified":"2013-01-23T19:06:53","modified_gmt":"2013-01-23T18:06:53","slug":"trabaja-con-nosotros","status":"publish","type":"page","link":"https:\/\/grupopht.com\/en\/trabaja-con-nosotros\/","title":{"rendered":"Trabaja con nosotros"},"content":{"rendered":"<p><img fetchpriority=\"high\" decoding=\"async\" class=\"wp-image-161 alignleft\" src=\"http:\/\/ph.inboundmarketer.es\/wp-content\/uploads\/2012\/01\/slide5_ph.png\" alt=\"slide5_ph\" width=\"691\" height=\"317\" srcset=\"https:\/\/grupopht.com\/en\/wp-content\/uploads\/sites\/2\/2012\/01\/slide5_ph.png 960w, https:\/\/grupopht.com\/en\/wp-content\/uploads\/sites\/2\/2012\/01\/slide5_ph-300x138.png 300w, https:\/\/grupopht.com\/en\/wp-content\/uploads\/sites\/2\/2012\/01\/slide5_ph-768x352.png 768w\" sizes=\"(max-width: 691px) 100vw, 691px\" \/><\/p>\n<p><span style=\"color: #0a6bcc\"><strong>PH Technology<\/strong><\/span> es una empresa madura, con una clara vocaci\u00f3n por la ingenier\u00eda de los <strong>termopl\u00e1sticos y termoestables<\/strong> aplicada en la industria en general y qu\u00edmica en particular.<\/p>\n<p>Contamos con equipo de profesionales con m\u00e1s de <strong>30 a\u00f1os de experiencia<\/strong>, con conocimientos para cubrir todas las etapas del proceso productivo, desde el dise\u00f1o hasta la fabricaci\u00f3n y montaje, as\u00ed como soporte y mantenimiento.<\/p>\n<p>Si compartes intereses, tienes experiencia en nuestro \u00e1mbito de trabajo y deseas unirte a este equipo apasionado por la <strong>ingenier\u00eda<\/strong>, con una clara vocaci\u00f3n y proyecci\u00f3n internacional:<\/p>\n<p>[button bgColor=&#8221;#4CC8FF&#8221; textColor=&#8221;#FFFFFF&#8221; align=&#8221;center&#8221; hoverBgColor=&#8221;#C4F3FF link=&#8221;http:\/\/ph.inboundmarketer.es\/formulario-rrhh&#8221;]Env\u00eda tu Curriculum[\/button]<\/p>\n","protected":false},"excerpt":{"rendered":"<p>PH Technology es una empresa madura, con una clara vocaci\u00f3n por la ingenier\u00eda de los termopl\u00e1sticos y termoestables aplicada en la industria en general y qu\u00edmica en particular. Contamos con equipo de profesionales con m\u00e1s de 30 a\u00f1os de experiencia, con conocimientos para cubrir todas las etapas del proceso productivo, desde el dise\u00f1o hasta la [&hellip;]<\/p>\n","protected":false},"author":2,"featured_media":0,"parent":0,"menu_order":0,"comment_status":"closed","ping_status":"open","template":"","meta":{"footnotes":""},"class_list":["post-1798","page","type-page","status-publish","hentry"],"yoast_head":"<!-- This site is optimized with the Yoast SEO plugin v27.2 - https:\/\/yoast.com\/product\/yoast-seo-wordpress\/ -->\n<title>Ofertas de empleo: ingenier\u00eda de termopl\u00e1sticos y termoestables.<\/title>\n<meta name=\"robots\" content=\"index, follow, max-snippet:-1, max-image-preview:large, max-video-preview:-1\" \/>\n<link rel=\"canonical\" href=\"https:\/\/grupopht.com\/en\/trabaja-con-nosotros\/\" \/>\n<meta property=\"og:locale\" content=\"en_US\" \/>\n<meta property=\"og:type\" content=\"article\" \/>\n<meta property=\"og:title\" content=\"Ofertas de empleo: ingenier\u00eda de termopl\u00e1sticos y termoestables.\" \/>\n<meta property=\"og:description\" content=\"PH Technology es una empresa madura, con una clara vocaci\u00f3n por la ingenier\u00eda de los termopl\u00e1sticos y termoestables aplicada en la industria en general y qu\u00edmica en particular. Contamos con equipo de profesionales con m\u00e1s de 30 a\u00f1os de experiencia, con conocimientos para cubrir todas las etapas del proceso productivo, desde el dise\u00f1o hasta la [&hellip;]\" \/>\n<meta property=\"og:url\" content=\"https:\/\/grupopht.com\/en\/trabaja-con-nosotros\/\" \/>\n<meta property=\"og:site_name\" content=\"Grupohpt English\" \/>\n<meta property=\"og:image\" content=\"http:\/\/ph.inboundmarketer.es\/wp-content\/uploads\/2012\/01\/slide5_ph.png\" \/>\n<meta name=\"twitter:card\" content=\"summary_large_image\" \/>\n<meta name=\"twitter:label1\" content=\"Est. reading time\" \/>\n\t<meta name=\"twitter:data1\" content=\"1 minute\" \/>\n<script type=\"application\/ld+json\" class=\"yoast-schema-graph\">{\"@context\":\"https:\/\/schema.org\",\"@graph\":[{\"@type\":\"WebPage\",\"@id\":\"https:\/\/grupopht.com\/en\/trabaja-con-nosotros\/\",\"url\":\"https:\/\/grupopht.com\/en\/trabaja-con-nosotros\/\",\"name\":\"Ofertas de empleo: ingenier\u00eda de termopl\u00e1sticos y termoestables.\",\"isPartOf\":{\"@id\":\"https:\/\/grupopht.com\/en\/#website\"},\"primaryImageOfPage\":{\"@id\":\"https:\/\/grupopht.com\/en\/trabaja-con-nosotros\/#primaryimage\"},\"image\":{\"@id\":\"https:\/\/grupopht.com\/en\/trabaja-con-nosotros\/#primaryimage\"},\"thumbnailUrl\":\"http:\/\/ph.inboundmarketer.es\/wp-content\/uploads\/2012\/01\/slide5_ph.png\",\"datePublished\":\"2013-01-23T18:06:53+00:00\",\"breadcrumb\":{\"@id\":\"https:\/\/grupopht.com\/en\/trabaja-con-nosotros\/#breadcrumb\"},\"inLanguage\":\"en-US\",\"potentialAction\":[{\"@type\":\"ReadAction\",\"target\":[\"https:\/\/grupopht.com\/en\/trabaja-con-nosotros\/\"]}]},{\"@type\":\"ImageObject\",\"inLanguage\":\"en-US\",\"@id\":\"https:\/\/grupopht.com\/en\/trabaja-con-nosotros\/#primaryimage\",\"url\":\"http:\/\/ph.inboundmarketer.es\/wp-content\/uploads\/2012\/01\/slide5_ph.png\",\"contentUrl\":\"http:\/\/ph.inboundmarketer.es\/wp-content\/uploads\/2012\/01\/slide5_ph.png\"},{\"@type\":\"BreadcrumbList\",\"@id\":\"https:\/\/grupopht.com\/en\/trabaja-con-nosotros\/#breadcrumb\",\"itemListElement\":[{\"@type\":\"ListItem\",\"position\":1,\"name\":\"Portada\",\"item\":\"https:\/\/grupopht.com\/en\/\"},{\"@type\":\"ListItem\",\"position\":2,\"name\":\"Trabaja con nosotros\"}]},{\"@type\":\"WebSite\",\"@id\":\"https:\/\/grupopht.com\/en\/#website\",\"url\":\"https:\/\/grupopht.com\/en\/\",\"name\":\"Grupohpt English\",\"description\":\"\",\"publisher\":{\"@id\":\"https:\/\/grupopht.com\/en\/#organization\"},\"potentialAction\":[{\"@type\":\"SearchAction\",\"target\":{\"@type\":\"EntryPoint\",\"urlTemplate\":\"https:\/\/grupopht.com\/en\/?s={search_term_string}\"},\"query-input\":{\"@type\":\"PropertyValueSpecification\",\"valueRequired\":true,\"valueName\":\"search_term_string\"}}],\"inLanguage\":\"en-US\"},{\"@type\":\"Organization\",\"@id\":\"https:\/\/grupopht.com\/en\/#organization\",\"name\":\"Grupohpt English\",\"url\":\"https:\/\/grupopht.com\/en\/\",\"logo\":{\"@type\":\"ImageObject\",\"inLanguage\":\"en-US\",\"@id\":\"https:\/\/grupopht.com\/en\/#\/schema\/logo\/image\/\",\"url\":\"https:\/\/grupopht.com\/en\/wp-content\/uploads\/sites\/2\/2018\/12\/ph-technology.png\",\"contentUrl\":\"https:\/\/grupopht.com\/en\/wp-content\/uploads\/sites\/2\/2018\/12\/ph-technology.png\",\"width\":600,\"height\":280,\"caption\":\"Grupohpt English\"},\"image\":{\"@id\":\"https:\/\/grupopht.com\/en\/#\/schema\/logo\/image\/\"}}]}<\/script>\n<!-- \/ Yoast SEO plugin. -->","yoast_head_json":{"title":"Ofertas de empleo: ingenier\u00eda de termopl\u00e1sticos y termoestables.","robots":{"index":"index","follow":"follow","max-snippet":"max-snippet:-1","max-image-preview":"max-image-preview:large","max-video-preview":"max-video-preview:-1"},"canonical":"https:\/\/grupopht.com\/en\/trabaja-con-nosotros\/","og_locale":"en_US","og_type":"article","og_title":"Ofertas de empleo: ingenier\u00eda de termopl\u00e1sticos y termoestables.","og_description":"PH Technology es una empresa madura, con una clara vocaci\u00f3n por la ingenier\u00eda de los termopl\u00e1sticos y termoestables aplicada en la industria en general y qu\u00edmica en particular. Contamos con equipo de profesionales con m\u00e1s de 30 a\u00f1os de experiencia, con conocimientos para cubrir todas las etapas del proceso productivo, desde el dise\u00f1o hasta la [&hellip;]","og_url":"https:\/\/grupopht.com\/en\/trabaja-con-nosotros\/","og_site_name":"Grupohpt English","og_image":[{"url":"http:\/\/ph.inboundmarketer.es\/wp-content\/uploads\/2012\/01\/slide5_ph.png","type":"","width":"","height":""}],"twitter_card":"summary_large_image","twitter_misc":{"Est. reading time":"1 minute"},"schema":{"@context":"https:\/\/schema.org","@graph":[{"@type":"WebPage","@id":"https:\/\/grupopht.com\/en\/trabaja-con-nosotros\/","url":"https:\/\/grupopht.com\/en\/trabaja-con-nosotros\/","name":"Ofertas de empleo: ingenier\u00eda de termopl\u00e1sticos y termoestables.","isPartOf":{"@id":"https:\/\/grupopht.com\/en\/#website"},"primaryImageOfPage":{"@id":"https:\/\/grupopht.com\/en\/trabaja-con-nosotros\/#primaryimage"},"image":{"@id":"https:\/\/grupopht.com\/en\/trabaja-con-nosotros\/#primaryimage"},"thumbnailUrl":"http:\/\/ph.inboundmarketer.es\/wp-content\/uploads\/2012\/01\/slide5_ph.png","datePublished":"2013-01-23T18:06:53+00:00","breadcrumb":{"@id":"https:\/\/grupopht.com\/en\/trabaja-con-nosotros\/#breadcrumb"},"inLanguage":"en-US","potentialAction":[{"@type":"ReadAction","target":["https:\/\/grupopht.com\/en\/trabaja-con-nosotros\/"]}]},{"@type":"ImageObject","inLanguage":"en-US","@id":"https:\/\/grupopht.com\/en\/trabaja-con-nosotros\/#primaryimage","url":"http:\/\/ph.inboundmarketer.es\/wp-content\/uploads\/2012\/01\/slide5_ph.png","contentUrl":"http:\/\/ph.inboundmarketer.es\/wp-content\/uploads\/2012\/01\/slide5_ph.png"},{"@type":"BreadcrumbList","@id":"https:\/\/grupopht.com\/en\/trabaja-con-nosotros\/#breadcrumb","itemListElement":[{"@type":"ListItem","position":1,"name":"Portada","item":"https:\/\/grupopht.com\/en\/"},{"@type":"ListItem","position":2,"name":"Trabaja con nosotros"}]},{"@type":"WebSite","@id":"https:\/\/grupopht.com\/en\/#website","url":"https:\/\/grupopht.com\/en\/","name":"Grupohpt English","description":"","publisher":{"@id":"https:\/\/grupopht.com\/en\/#organization"},"potentialAction":[{"@type":"SearchAction","target":{"@type":"EntryPoint","urlTemplate":"https:\/\/grupopht.com\/en\/?s={search_term_string}"},"query-input":{"@type":"PropertyValueSpecification","valueRequired":true,"valueName":"search_term_string"}}],"inLanguage":"en-US"},{"@type":"Organization","@id":"https:\/\/grupopht.com\/en\/#organization","name":"Grupohpt English","url":"https:\/\/grupopht.com\/en\/","logo":{"@type":"ImageObject","inLanguage":"en-US","@id":"https:\/\/grupopht.com\/en\/#\/schema\/logo\/image\/","url":"https:\/\/grupopht.com\/en\/wp-content\/uploads\/sites\/2\/2018\/12\/ph-technology.png","contentUrl":"https:\/\/grupopht.com\/en\/wp-content\/uploads\/sites\/2\/2018\/12\/ph-technology.png","width":600,"height":280,"caption":"Grupohpt English"},"image":{"@id":"https:\/\/grupopht.com\/en\/#\/schema\/logo\/image\/"}}]}},"_links":{"self":[{"href":"https:\/\/grupopht.com\/en\/wp-json\/wp\/v2\/pages\/1798","targetHints":{"allow":["GET"]}}],"collection":[{"href":"https:\/\/grupopht.com\/en\/wp-json\/wp\/v2\/pages"}],"about":[{"href":"https:\/\/grupopht.com\/en\/wp-json\/wp\/v2\/types\/page"}],"author":[{"embeddable":true,"href":"https:\/\/grupopht.com\/en\/wp-json\/wp\/v2\/users\/2"}],"replies":[{"embeddable":true,"href":"https:\/\/grupopht.com\/en\/wp-json\/wp\/v2\/comments?post=1798"}],"version-history":[{"count":0,"href":"https:\/\/grupopht.com\/en\/wp-json\/wp\/v2\/pages\/1798\/revisions"}],"wp:attachment":[{"href":"https:\/\/grupopht.com\/en\/wp-json\/wp\/v2\/media?parent=1798"}],"curies":[{"name":"wp","href":"https:\/\/api.w.org\/{rel}","templated":true}]}}