{"id":2899,"date":"2019-07-08T10:15:29","date_gmt":"2019-07-08T08:15:29","guid":{"rendered":"https:\/\/grupopht.com\/?page_id=2899"},"modified":"2019-07-08T10:15:29","modified_gmt":"2019-07-08T08:15:29","slug":"legal","status":"publish","type":"page","link":"https:\/\/grupopht.com\/en\/legal\/","title":{"rendered":"Aviso Legal"},"content":{"rendered":"\n<p>En cumplimiento de la Ley 34\/2002, de Servicios de la Sociedad de la Informaci\u00f3n y Comercio Electr\u00f3nico, se informa, de que el titular del sitio web ph-technology.net es PHTechnology SL, Ctra A5000, pk 7, 8 21610 San Juan del Puerto (Huelva). Los datos personales recogidos en esta web ser\u00e1n tratados con estricta confidencialidad y puede ejercitar sus derechos de acceso, rectificaci\u00f3n, cancelaci\u00f3n, oposici\u00f3n, derecho al olvido, derecho a la portabilidad mediante comunicaci\u00f3n adjuntando fotocopia de su DNI, al correo electr\u00f3nico: <a href=\"mailto:rmancera@plasticoshuelva.es\">rmancera@plasticoshuelva.es<\/a>&nbsp;&nbsp;<br><\/p>\n\n\n\n<h2 class=\"wp-block-heading\"><strong>Pol\u00edtica de privacidad<\/strong><\/h2>\n\n\n\n<h3 class=\"wp-block-heading\"><strong>T\u00e9rminos generales de uso de la web<\/strong><\/h3>\n\n\n\n<p>El acceso a los contenidos de las secciones de nuestra Web, se har\u00e1 de acuerdo a la pol\u00edtica que establezca LA EMPRESA. Asimismo LA EMPRESA se reserva el derecho de rectificar, modificar y\/o reemplazar en totalidad o en parte esta p\u00e1gina web, la informaci\u00f3n y materiales contenidos en la misma, as\u00ed como la Pol\u00edtica de Privacidad. Consulte de forma peri\u00f3dica nuestra Pol\u00edtica de Privacidad para corroborar posibles modificaciones.<\/p>\n\n\n\n<h3 class=\"wp-block-heading\"><strong>Responsabilidad de la administraci\u00f3n<\/strong><\/h3>\n\n\n\n<p>LA EMPRESA no responder\u00e1 en ning\u00fan caso de los posibles da\u00f1os o perjuicios que pudieran derivarse de dicho acceso o del uso de la informaci\u00f3n por parte del usuario, as\u00ed como tampoco de los posibles errores o da\u00f1os que pueda sufrir el sistema inform\u00e1tico del usuario (hardware y software), sus ficheros o documentos almacenados, como consecuencia de la presencia de virus en su ordenador, mal funcionamiento del navegador o uso de versiones no actualizadas del mismo.<\/p>\n\n\n\n<p>En virtud de la Ley 34\/2002 de 11 de julio de Servicios de la Sociedad de la Informaci\u00f3n y Comercio Electr\u00f3nico, para cualquier controversia que pudiera surgir ser\u00e1 de aplicaci\u00f3n la legislaci\u00f3n espa\u00f1ola. El usuario responder\u00e1, en cualquier caso, de la veracidad de los datos facilitados, reserv\u00e1ndose LA EMPRESA el derecho a excluir de los servicios registrados a todo usuario que haya facilitado datos falsos o inexactos, sin perjuicio de las dem\u00e1s acciones que procedan en Derecho.<\/p>\n\n\n\n<h3 class=\"wp-block-heading\"><strong>Propiedad intelectual e industrial<\/strong><\/h3>\n\n\n\n<p>LA EMPRESA es propietaria y\/o licenciataria de toda la informaci\u00f3n contenida en este portal, posts publicados en el blog, su dise\u00f1o gr\u00e1fico, im\u00e1genes, bases de datos, \u00edndices, c\u00f3digos fuentes, marcas y logotipos, estando protegidos conforme a lo dispuesto en la Ley de Propiedad Intelectual, y en las normas sobre Propiedad Industrial.<\/p>\n\n\n\n<p>Su puesta a disposici\u00f3n y uso, no supone, en ning\u00fan caso, la cesi\u00f3n de su titularidad o la concesi\u00f3n de un derecho de uso a favor del usuario, por lo que toda reproducci\u00f3n, copia, imitaci\u00f3n, distribuci\u00f3n total o parcial o comercializaci\u00f3n, requerir\u00e1 la autorizaci\u00f3n previa y por escrita por parte de LA EMPRESA, reserv\u00e1ndose LA EMPRESA, en caso de uso indebido del contenido de la web, el derecho a ejercitar cuantas acciones legales fueran precisas en defensa de sus derechos, incluyendo la indemnizaci\u00f3n de los da\u00f1os y perjuicios causados.<\/p>\n\n\n\n<h2 class=\"wp-block-heading\"><strong>Pol\u00edtica de protecci\u00f3n de datos<\/strong><\/h2>\n\n\n\n<p>Los datos que solicitamos son los adecuados, pertinentes y estrictamente necesarios para la finalidad con la que se recogen. A menos que espec\u00edficamente se establezca lo contrario, se considerar\u00e1 necesario rellenar todos los campos de cada formulario, para lo cual el usuario tendr\u00e1 que aportar datos verdaderos, exactos, completos y actualizados.<\/p>\n\n\n\n<p>El tratamiento de los datos de car\u00e1cter personal recogidos tendr\u00e1n como finalidad el mantenimiento, la gesti\u00f3n y administraci\u00f3n de la relaci\u00f3n comercial y contractual que en su caso se pudiera entablar, as\u00ed como el env\u00edo de informaci\u00f3n comercial relativa a productos y servicios ofrecidos por PH-Technology; esa informaci\u00f3n incluye comunicaciones publicitarias y promocionales, a trav\u00e9s de correo postal, SMS, correo electr\u00f3nico o cualquier otro medio.<\/p>\n\n\n\n<p>El cumplimiento del Reglamento General de Protecci\u00f3n de Datos (RGPD), usted autoriza expresamente el uso de sus datos, as\u00ed como su posible cesi\u00f3n a terceras entidades para la consecuci\u00f3n de los fines objeto de la contrataci\u00f3n, que incluir\u00e1n la negociaci\u00f3n bancaria.&nbsp;<\/p>\n\n\n\n<p>PH-Technology recaba los datos para poner en contacto a los interesados en reclamar el IRPH o en consultar cualquier otra cuesti\u00f3n relacionada con el Derecho con abogados y asesores jur\u00eddicos especializados, sin que utilice los datos para otros fines.<\/p>\n\n\n\n<p>Tambi\u00e9n informamos que la EMPRESA hace uso de herramientas de automatizadas de marketing online, por lo que existe posibilidad de que haya decisiones automatizadas o elaboraci\u00f3n de perfiles de manera autom\u00e1tica. Dado el caso, esto no ser\u00e1 un impedimento para que pueda ejercer sus derechos con total normalidad.<\/p>\n\n\n\n<p>En aras de promover la transparencia del tratamiento de datos y en adaptaci\u00f3n de los requisitos exigidos por la norma, la EMPRESA informa que el responsable de la adaptaci\u00f3n de lo relativo a la consecuci\u00f3n y tratamiento de datos al RGPD es Rafael Mancera G\u00f3mez, cuya direcci\u00f3n de contacto es <a href=\"mailto:rmancera@plasticoshuelva.es\">rmancera@plasticoshuelva.es<\/a>&nbsp;<\/p>\n\n\n\n<p>El usuario, para el supuesto en el que facilite datos de car\u00e1cter personal de terceros, declara contar con el consentimiento expreso de los mismos y de que ha sido informado del contenido de los datos facilitados, de la procedencia de los mismos, de la existencia y finalidad del fichero donde se contienen sus datos y, adem\u00e1s, de la posibilidad de ejercitar los derechos de acceso, rectificaci\u00f3n, cancelaci\u00f3n, oposici\u00f3n, derecho al olvido y derecho a la portabilidad.<\/p>\n\n\n\n<p>Usted podr\u00e1 oponerse al tratamiento y retirar el consentimiento prestado conforme a derecho siempre que la ley se lo permita. Adem\u00e1s, tendr\u00e1 Derecho a reclamar ante la Autoridad de Control la procedencia de los datos personales (Agencia Espa\u00f1ola de Protecci\u00f3n de Datos -AEPD-).<\/p>\n\n\n\n<p>Los datos ser\u00e1n borrados a la mayor brevedad tras finalizaci\u00f3n de las relaciones comerciales o del cese de la finalidad por la que fueron recabados, y siempre antes de que transcurra un a\u00f1o desde que se da la circunstancia que lo recomienda. La eliminaci\u00f3n de los datos se llevar\u00e1 a cabo previa comunicaci\u00f3n por mail al usuario afectado -siempre y cuando sea posible-, para que est\u00e9 correctamente informado y pueda oponerse si lo desea.<\/p>\n\n\n\n<p>Sus datos personales ser\u00e1n tratados con estricta confidencialidad, pudiendo ejercitar sus derechos citados ut supra, mediante comunicaci\u00f3n escrita adjuntando fotocopia de su DNI, a la atenci\u00f3n de Rafael Mancera G\u00f3mez a la siguiente direcci\u00f3n: Ctra A5000, pk 7,8 21610 San Juan del Puerto (Huelva), o mediante correo electr\u00f3nico a la direcci\u00f3n <a href=\"mailto:rmancera@plasticoshuelva.es\">rmancera@plasticoshuelva.es<\/a>&nbsp;<\/p>\n\n\n\n<p>Pulse aqu\u00ed para leer <strong><a href=\"https:\/\/grupopht.com\/informacion-adicional-en-materia-de-proteccion-de-datos\/\">informaci\u00f3n adicional en materia de protecci\u00f3n de datos<\/a><\/strong><a href=\"https:\/\/grupopht.com\/informacion-adicional-en-materia-de-proteccion-de-datos\/\">&nbsp;<\/a><\/p>\n\n\n\n<h3 class=\"wp-block-heading\"><strong>Adquisici\u00f3n de datos en formularios de la web<\/strong><\/h3>\n\n\n\n<p>Los datos facilitados ser\u00e1n guardados en un fichero y ser\u00e1n utilizados con la \u00fanica finalidad de enviarle informaci\u00f3n sobre las novedades y contenidos de la Web. Los datos facilitados no ser\u00e1n comunicados o cedidos a ninguna entidad distinta del responsable. En caso contrario, se solicitar\u00e1 su consentimiento expreso. El titular de los datos tiene la posibilidad de ejercitar en todo momento y, de acuerdo con lo establecido en la normativa arriba mencionada, los derechos de acceso, rectificaci\u00f3n, cancelaci\u00f3n, oposici\u00f3n, derecho al olvido y derecho a la portabilidad respecto del fichero del que es responsable PH-Technology, aportando fotocopia del DNI o documentaci\u00f3n alternativa que acredite su identidad.<\/p>\n\n\n\n<h2 class=\"wp-block-heading\"><strong>Informaci\u00f3n General sobre las cookies<\/strong><\/h2>\n\n\n\n<p>Est\u00e1 p\u00e1gina Web utiliza cookies. Las cookies son peque\u00f1os archivos de texto generados por las p\u00e1ginas web que usted visita, las cuales contienen los datos de sesi\u00f3n que pueden ser de utilidad m\u00e1s adelante en la p\u00e1gina web. De esta forma esta Web recuerda informaci\u00f3n sobre su visita, lo que puede facilitar su pr\u00f3xima visita y hacer que el sitio Web le resulte m\u00e1s \u00fatil.<\/p>\n\n\n\n<h3 class=\"wp-block-heading\"><strong>Pol\u00edtica de Cookies<\/strong><\/h3>\n\n\n\n<p>Una cookie es un archivo de texto que un servidor web puede guardar en el disco duro de un equipo para almacenar informaci\u00f3n sobre el usuario. S\u00f3lo puede ser le\u00edda por el sitio web que lo envi\u00f3 al equipo.<\/p>\n\n\n\n<p>En este sentido en cumplimiento de lo previsto en la Ley de servicio de Sociedad de la Informaci\u00f3n y de Comercio Electr\u00f3nico (LSSICE), modificada por el \u201cReal Decreto-Ley 13\/2012\u201d, de 30 de marzo y en cumplimiento del Reglamento (UE) 2016\/679 del Parlamento Europeo y del Consejo de 27 de abril de 2016 (RGPD) relativo a la protecci\u00f3n de las personas f\u00edsicas en lo que respecta al tratamiento de datos personales y a la libre circulaci\u00f3n de estos datos, se informa al usuario de forma clara y completa que la p\u00e1gina web (ph-technology.net) utiliza cookies de terceros necesarias para la prestaci\u00f3n de sus servicios.<\/p>\n\n\n\n<p>Dichas cookies, bien tratadas por nosotros o por terceros, nos permiten cuantificar el n\u00famero de usuarios y as\u00ed realizar la medici\u00f3n y an\u00e1lisis estad\u00edstico de la utilizaci\u00f3n que hacen los usuarios del servicio ofertado. Para ello se analiza su navegaci\u00f3n en nuestra p\u00e1gina web con el fin de mejorar la oferta de productos o servicios que le ofrecemos.<\/p>\n\n\n\n<p>Dichas cookies, tendr\u00e1n una duraci\u00f3n m\u00e1xima de 2 a\u00f1os de su creaci\u00f3n o actualizaci\u00f3n y el usuario podr\u00e1 en cualquier momento deshabilitar las mismas en su navegador.<\/p>\n\n\n\n<p>A tal efecto, con la aceptaci\u00f3n de la presente pol\u00edtica de privacidad, el usuario consciente acepta de forma expresa estar informado sobre las cookies utilizadas por LA EMPRESA, as\u00ed como de su finalidad.<\/p>\n\n\n\n<h3 class=\"wp-block-heading\"><strong>\u00bfC\u00f3mo funcionan las Cookies?<\/strong><\/h3>\n\n\n\n<p>Las cookies s\u00f3lo pueden almacenar texto, por lo general siempre es an\u00f3nimo y cifrado. No se almacenar\u00e1 informaci\u00f3n personal alguna en una cookie, ni pueden asociarse a una persona identificada o identificable.<\/p>\n\n\n\n<p>Los datos permiten que esta Web pueda mantener su informaci\u00f3n entre las p\u00e1ginas, y tambi\u00e9n para analizar la forma de interactuar con el sitio Web. Las cookies son seguras ya que s\u00f3lo pueden almacenar la informaci\u00f3n que se puso en su lugar por el navegador, lo que es informaci\u00f3n que el usuario ha introducido en el navegador o la que se incluye en la solicitud de p\u00e1gina. No puede ejecutar el c\u00f3digo y no se puede utilizar para acceder a su ordenador. Si una p\u00e1gina web cifra la informaci\u00f3n de la cookie, s\u00f3lo la p\u00e1gina web puede leer la informaci\u00f3n.<\/p>\n\n\n\n<h3 class=\"wp-block-heading\"><strong>\u00bfQu\u00e9 tipos de cookies utilizamos?<\/strong><\/h3>\n\n\n\n<p>Las cookies que utiliza esta p\u00e1gina Web se pueden distinguir seg\u00fan los siguientes criterios:<\/p>\n\n\n\n<p>Seg\u00fan la entidad que las gestiona. Seg\u00fan quien sea la entidad que gestione el equipo o dominio desde donde se env\u00edan las cookies y trate los datos que se obtengan, podemos distinguir:<\/p>\n\n\n\n<p>-Cookies propias: Son aqu\u00e9llas que se env\u00edan al equipo terminal del usuario desde un equipo o dominio gestionado por el propio editor y desde el que se presta el servicio solicitado por el usuario.<\/p>\n\n\n\n<p>-Cookies de terceros: Son aqu\u00e9llas que se env\u00edan al equipo terminal del usuario desde un equipo o dominio que no es gestionado por el editor, sino por otra entidad que trata los datos obtenidos trav\u00e9s de las cookies.<\/p>\n\n\n\n<p>Seg\u00fan el plazo de tiempo que permanecen activas. Seg\u00fan el plazo de tiempo que permanecen activadas en el equipo terminal podemos distinguir:<\/p>\n\n\n\n<p>-Cookies de sesi\u00f3n: Son un tipo de cookies dise\u00f1adas para recabar y almacenar datos mientras el usuario accede a una p\u00e1gina web. Se suelen emplear para almacenar informaci\u00f3n que solo interesa conservar para la prestaci\u00f3n del servicio solicitado por el usuario en una sola ocasi\u00f3n.<\/p>\n\n\n\n<p>-Cookies persistentes: Son un tipo de cookies en el que los datos siguen almacenados en el terminal y pueden ser accedidos y tratados durante un periodo definido por el responsable de la cookie, y que puede ir de unos minutos a varios a\u00f1os.<\/p>\n\n\n\n<p>Seg\u00fan su finalidad. Seg\u00fan la finalidad para la que se traten los datos obtenidos a trav\u00e9s de las cookies, podemos distinguir entre:<\/p>\n\n\n\n<p>-Cookies t\u00e9cnicas: Son aqu\u00e9llas que permiten al usuario la navegaci\u00f3n a trav\u00e9s de una p\u00e1gina web, plataforma o aplicaci\u00f3n y la utilizaci\u00f3n de las diferentes opciones o servicios que en ella existan como, por ejemplo, controlar el tr\u00e1fico y la comunicaci\u00f3n de datos, identificar la sesi\u00f3n, acceder a partes de acceso restringido, recordar los elementos que integran un pedido, realizar el proceso de compra de un pedido, realizar la solicitud de inscripci\u00f3n o participaci\u00f3n en un evento, utilizar elementos de seguridad durante la navegaci\u00f3n, almacenar contenidos para la difusi\u00f3n de v\u00eddeos o sonido o compartir contenidos a trav\u00e9s de redes sociales.<\/p>\n\n\n\n<p>-Cookies de personalizaci\u00f3n: Son aqu\u00e9llas que permiten al usuario acceder al servicio con algunas caracter\u00edsticas de car\u00e1cter general predefinidas en funci\u00f3n de una serie de criterios en el terminal del usuario como por ejemplo serian el idioma, el tipo de navegador a trav\u00e9s del cual accede al servicio, la configuraci\u00f3n regional desde donde accede al servicio, etc.<\/p>\n\n\n\n<p>-Cookies de an\u00e1lisis: Son aqu\u00e9llas que permiten al responsable de las mismas, el seguimiento y an\u00e1lisis del comportamiento de los usuarios de los sitios web a los que est\u00e1n vinculadas. La informaci\u00f3n recogida mediante este tipo de cookies se utiliza en la medici\u00f3n de la actividad de los sitios web, aplicaci\u00f3n o plataforma y para la elaboraci\u00f3n de perfiles de navegaci\u00f3n de los usuarios de dichos sitios, aplicaciones y plataformas, con el fin de introducir mejoras en funci\u00f3n del an\u00e1lisis de los datos de uso que hacen los usuarios del servicio.<\/p>\n\n\n\n<h3 class=\"wp-block-heading\"><strong>Herramienta de Gesti\u00f3n de las Cookies<\/strong><\/h3>\n\n\n\n<p>Est\u00e1 p\u00e1gina Web utiliza Google Analytics.<\/p>\n\n\n\n<p>Google Analytics es una herramienta gratuita de an\u00e1lisis web de Google que principalmente permite que los propietarios de sitios web conozcan c\u00f3mo interact\u00faan los usuarios con su sitio web. Asimismo, habilita cookies en el dominio del sitio en el que te encuentras y utiliza un conjunto de cookies denominadas \u201c__utma\u201d y \u201c__utmz\u201d para recopilar informaci\u00f3n de forma an\u00f3nima y elaborar informes de tendencias de sitios web sin identificar a usuarios individuales.<\/p>\n\n\n\n<p>Para realizar las estad\u00edsticas de uso de esta Web utilizamos las cookies con la finalidad de conocer el nivel de recurrencia de nuestros visitantes y los contenidos que resultan m\u00e1s interesantes. De esta manera podemos concentrar nuestros esfuerzos en mejorar las \u00e1reas m\u00e1s visitadas y hacer que el usuario encuentre m\u00e1s f\u00e1cilmente lo que busca. En esta Web puede utilizarse la informaci\u00f3n de su visita para realizar evaluaciones y c\u00e1lculos estad\u00edsticos sobre datos an\u00f3nimos, as\u00ed como para garantizar la continuidad del servicio o para realizar mejoras en sus sitios Web. Para m\u00e1s detalles, consulte en el siguiente enlace la pol\u00edtica de privacidad [<a href=\"http:\/\/www.google.com\/intl\/\">http:\/\/www.google.com\/intl\/<\/a> es\/policies\/privacy\/]<\/p>\n\n\n\n<h3 class=\"wp-block-heading\"><strong>\u00bfC\u00f3mo desactivar el uso de cookies?<\/strong><\/h3>\n\n\n\n<p>Todos los navegadores de Internet permiten desactivar o limitar las cookies dentro de la configuraci\u00f3n o las opciones del navegador. Los pasos para hacerlo son diferentes para cada navegador, se pueden encontrar instrucciones en el men\u00fa de ayuda de su navegador.<\/p>\n\n\n\n<p>Si no acepta el uso de las cookies, ya que es posible gracias a los men\u00fas de preferencias o ajustes de su navegador, rechazarlas, este sitio Web seguir\u00e1 funcionando adecuadamente sin el uso de las mismas.<\/p>\n\n\n\n<p>A trav\u00e9s de su navegador, usted tambi\u00e9n puede ver las cookies que est\u00e1n en su ordenador, y borrarlas seg\u00fan crea conveniente. Las cookies son archivos de texto, los puede abrir y leer el contenido. Los datos dentro de ellos casi siempre est\u00e1 cifrado con una clave num\u00e9rica que corresponde a una sesi\u00f3n en Internet por lo que muchas veces no tiene sentido m\u00e1s all\u00e1 que la p\u00e1gina web que lo escribi\u00f3.<\/p>\n\n\n\n<h3 class=\"wp-block-heading\"><strong>Consentimiento informado<\/strong><\/h3>\n\n\n\n<p>La utilizaci\u00f3n de la presente p\u00e1gina Web por su parte, implica que Vd. presta su consentimiento expreso e inequ\u00edvoco a la utilizaci\u00f3n de cookies, en los t\u00e9rminos y condiciones previstos en esta Pol\u00edtica de Cookies, sin perjuicio de las medidas de desactivaci\u00f3n y eliminaci\u00f3n de las cookies que Vd. pueda adoptar, y que se mencionan en el apartado anterior.<\/p>\n\n\n\n<h2 class=\"wp-block-heading\"><strong>Responsabilidad de los contenidos<\/strong><\/h2>\n\n\n\n<p>La empresa no se hace responsable por aquellos contenidos provenientes de terceros, blogs, participaci\u00f3n ciudadana, foros, secci\u00f3n de comentarios, columnas y art\u00edculos, as\u00ed como videoblogs o productos de entrevistas<br><\/p>\n","protected":false},"excerpt":{"rendered":"<p>En cumplimiento de la Ley 34\/2002, de Servicios de la Sociedad de la Informaci\u00f3n y Comercio Electr\u00f3nico, se informa, de que el titular del sitio web ph-technology.net es PHTechnology SL, Ctra A5000, pk 7, 8 21610 San Juan del Puerto (Huelva). Los datos personales recogidos en esta web ser\u00e1n tratados con estricta confidencialidad y puede [&hellip;]<\/p>\n","protected":false},"author":5,"featured_media":0,"parent":0,"menu_order":0,"comment_status":"closed","ping_status":"closed","template":"","meta":{"footnotes":""},"class_list":["post-2899","page","type-page","status-publish","hentry"],"yoast_head":"<!-- This site is optimized with the Yoast SEO plugin v27.2 - https:\/\/yoast.com\/product\/yoast-seo-wordpress\/ -->\n<title>Aviso Legal - Grupohpt English<\/title>\n<meta name=\"robots\" content=\"index, follow, max-snippet:-1, max-image-preview:large, max-video-preview:-1\" \/>\n<link rel=\"canonical\" href=\"https:\/\/grupopht.com\/en\/legal\/\" \/>\n<meta property=\"og:locale\" content=\"en_US\" \/>\n<meta property=\"og:type\" content=\"article\" \/>\n<meta property=\"og:title\" content=\"Aviso Legal - Grupohpt English\" \/>\n<meta property=\"og:description\" content=\"En cumplimiento de la Ley 34\/2002, de Servicios de la Sociedad de la Informaci\u00f3n y Comercio Electr\u00f3nico, se informa, de que el titular del sitio web ph-technology.net es PHTechnology SL, Ctra A5000, pk 7, 8 21610 San Juan del Puerto (Huelva). Los datos personales recogidos en esta web ser\u00e1n tratados con estricta confidencialidad y puede [&hellip;]\" \/>\n<meta property=\"og:url\" content=\"https:\/\/grupopht.com\/en\/legal\/\" \/>\n<meta property=\"og:site_name\" content=\"Grupohpt English\" \/>\n<meta name=\"twitter:card\" content=\"summary_large_image\" \/>\n<meta name=\"twitter:label1\" content=\"Est. reading time\" \/>\n\t<meta name=\"twitter:data1\" content=\"14 minutes\" \/>\n<script type=\"application\/ld+json\" class=\"yoast-schema-graph\">{\"@context\":\"https:\/\/schema.org\",\"@graph\":[{\"@type\":\"WebPage\",\"@id\":\"https:\/\/grupopht.com\/en\/legal\/\",\"url\":\"https:\/\/grupopht.com\/en\/legal\/\",\"name\":\"Aviso Legal - Grupohpt English\",\"isPartOf\":{\"@id\":\"https:\/\/grupopht.com\/en\/#website\"},\"datePublished\":\"2019-07-08T08:15:29+00:00\",\"breadcrumb\":{\"@id\":\"https:\/\/grupopht.com\/en\/legal\/#breadcrumb\"},\"inLanguage\":\"en-US\",\"potentialAction\":[{\"@type\":\"ReadAction\",\"target\":[\"https:\/\/grupopht.com\/en\/legal\/\"]}]},{\"@type\":\"BreadcrumbList\",\"@id\":\"https:\/\/grupopht.com\/en\/legal\/#breadcrumb\",\"itemListElement\":[{\"@type\":\"ListItem\",\"position\":1,\"name\":\"Portada\",\"item\":\"https:\/\/grupopht.com\/en\/\"},{\"@type\":\"ListItem\",\"position\":2,\"name\":\"Aviso Legal\"}]},{\"@type\":\"WebSite\",\"@id\":\"https:\/\/grupopht.com\/en\/#website\",\"url\":\"https:\/\/grupopht.com\/en\/\",\"name\":\"Grupohpt English\",\"description\":\"\",\"publisher\":{\"@id\":\"https:\/\/grupopht.com\/en\/#organization\"},\"potentialAction\":[{\"@type\":\"SearchAction\",\"target\":{\"@type\":\"EntryPoint\",\"urlTemplate\":\"https:\/\/grupopht.com\/en\/?s={search_term_string}\"},\"query-input\":{\"@type\":\"PropertyValueSpecification\",\"valueRequired\":true,\"valueName\":\"search_term_string\"}}],\"inLanguage\":\"en-US\"},{\"@type\":\"Organization\",\"@id\":\"https:\/\/grupopht.com\/en\/#organization\",\"name\":\"Grupohpt English\",\"url\":\"https:\/\/grupopht.com\/en\/\",\"logo\":{\"@type\":\"ImageObject\",\"inLanguage\":\"en-US\",\"@id\":\"https:\/\/grupopht.com\/en\/#\/schema\/logo\/image\/\",\"url\":\"https:\/\/grupopht.com\/en\/wp-content\/uploads\/sites\/2\/2018\/12\/ph-technology.png\",\"contentUrl\":\"https:\/\/grupopht.com\/en\/wp-content\/uploads\/sites\/2\/2018\/12\/ph-technology.png\",\"width\":600,\"height\":280,\"caption\":\"Grupohpt English\"},\"image\":{\"@id\":\"https:\/\/grupopht.com\/en\/#\/schema\/logo\/image\/\"}}]}<\/script>\n<!-- \/ Yoast SEO plugin. -->","yoast_head_json":{"title":"Aviso Legal - Grupohpt English","robots":{"index":"index","follow":"follow","max-snippet":"max-snippet:-1","max-image-preview":"max-image-preview:large","max-video-preview":"max-video-preview:-1"},"canonical":"https:\/\/grupopht.com\/en\/legal\/","og_locale":"en_US","og_type":"article","og_title":"Aviso Legal - Grupohpt English","og_description":"En cumplimiento de la Ley 34\/2002, de Servicios de la Sociedad de la Informaci\u00f3n y Comercio Electr\u00f3nico, se informa, de que el titular del sitio web ph-technology.net es PHTechnology SL, Ctra A5000, pk 7, 8 21610 San Juan del Puerto (Huelva). Los datos personales recogidos en esta web ser\u00e1n tratados con estricta confidencialidad y puede [&hellip;]","og_url":"https:\/\/grupopht.com\/en\/legal\/","og_site_name":"Grupohpt English","twitter_card":"summary_large_image","twitter_misc":{"Est. reading time":"14 minutes"},"schema":{"@context":"https:\/\/schema.org","@graph":[{"@type":"WebPage","@id":"https:\/\/grupopht.com\/en\/legal\/","url":"https:\/\/grupopht.com\/en\/legal\/","name":"Aviso Legal - Grupohpt English","isPartOf":{"@id":"https:\/\/grupopht.com\/en\/#website"},"datePublished":"2019-07-08T08:15:29+00:00","breadcrumb":{"@id":"https:\/\/grupopht.com\/en\/legal\/#breadcrumb"},"inLanguage":"en-US","potentialAction":[{"@type":"ReadAction","target":["https:\/\/grupopht.com\/en\/legal\/"]}]},{"@type":"BreadcrumbList","@id":"https:\/\/grupopht.com\/en\/legal\/#breadcrumb","itemListElement":[{"@type":"ListItem","position":1,"name":"Portada","item":"https:\/\/grupopht.com\/en\/"},{"@type":"ListItem","position":2,"name":"Aviso Legal"}]},{"@type":"WebSite","@id":"https:\/\/grupopht.com\/en\/#website","url":"https:\/\/grupopht.com\/en\/","name":"Grupohpt English","description":"","publisher":{"@id":"https:\/\/grupopht.com\/en\/#organization"},"potentialAction":[{"@type":"SearchAction","target":{"@type":"EntryPoint","urlTemplate":"https:\/\/grupopht.com\/en\/?s={search_term_string}"},"query-input":{"@type":"PropertyValueSpecification","valueRequired":true,"valueName":"search_term_string"}}],"inLanguage":"en-US"},{"@type":"Organization","@id":"https:\/\/grupopht.com\/en\/#organization","name":"Grupohpt English","url":"https:\/\/grupopht.com\/en\/","logo":{"@type":"ImageObject","inLanguage":"en-US","@id":"https:\/\/grupopht.com\/en\/#\/schema\/logo\/image\/","url":"https:\/\/grupopht.com\/en\/wp-content\/uploads\/sites\/2\/2018\/12\/ph-technology.png","contentUrl":"https:\/\/grupopht.com\/en\/wp-content\/uploads\/sites\/2\/2018\/12\/ph-technology.png","width":600,"height":280,"caption":"Grupohpt English"},"image":{"@id":"https:\/\/grupopht.com\/en\/#\/schema\/logo\/image\/"}}]}},"_links":{"self":[{"href":"https:\/\/grupopht.com\/en\/wp-json\/wp\/v2\/pages\/2899","targetHints":{"allow":["GET"]}}],"collection":[{"href":"https:\/\/grupopht.com\/en\/wp-json\/wp\/v2\/pages"}],"about":[{"href":"https:\/\/grupopht.com\/en\/wp-json\/wp\/v2\/types\/page"}],"author":[{"embeddable":true,"href":"https:\/\/grupopht.com\/en\/wp-json\/wp\/v2\/users\/5"}],"replies":[{"embeddable":true,"href":"https:\/\/grupopht.com\/en\/wp-json\/wp\/v2\/comments?post=2899"}],"version-history":[{"count":0,"href":"https:\/\/grupopht.com\/en\/wp-json\/wp\/v2\/pages\/2899\/revisions"}],"wp:attachment":[{"href":"https:\/\/grupopht.com\/en\/wp-json\/wp\/v2\/media?parent=2899"}],"curies":[{"name":"wp","href":"https:\/\/api.w.org\/{rel}","templated":true}]}}