{"id":382,"date":"2012-02-09T15:54:48","date_gmt":"2012-02-09T14:54:48","guid":{"rendered":"http:\/\/ph.inboundmarketer.es\/?page_id=382"},"modified":"2012-02-09T15:54:48","modified_gmt":"2012-02-09T14:54:48","slug":"oficina-tecnica","status":"publish","type":"page","link":"https:\/\/grupopht.com\/en\/oficina-tecnica\/","title":{"rendered":"Oficina t\u00e9cnica"},"content":{"rendered":"<p>Como base de su proceso productivo, <span style=\"color: #0a6bcc\"><strong>PH Technology<\/strong><\/span> cuenta con una oficina t\u00e9cnica que a\u00fana la experiencia de su personal t\u00e9cnico con las m\u00e1s modernas herramientas inform\u00e1ticas para la realizaci\u00f3n del dise\u00f1o b\u00e1sico\/detalle de los diferentes proyectos a realizar. En este sentido, nuestra oficina t\u00e9cnica le ofrece la realizaci\u00f3n de las siguientes tareas:<\/p>\n<ul>\n<li>Asesor\u00eda en la elecci\u00f3n de los materiales adecuados, en base a consideraciones estructurales y de resistencia frente a la corrosi\u00f3n qu\u00edmica.<\/li>\n<li>Asistencia al Cliente en la definici\u00f3n de los par\u00e1metros de dise\u00f1o.<\/li>\n<li>Dise\u00f1o estructural de los diferentes elementos a fabricar conforme a c\u00f3digos espec\u00edficos ampliamente reconocidos (EN, BS, DIN, AD-Merkblatt, DVS).<\/li>\n<li>Modelizaci\u00f3n y resoluci\u00f3n por m\u00e9todos MEF (elementos finitos) de piezas de complejas geometr\u00eda y solicitaciones.<\/li>\n<li>Elaboraci\u00f3n de planos constructivos.<\/li>\n<li>Dise\u00f1o de herramientas y utillaje.<\/li>\n<li>Dise\u00f1o de plantas llave en mano.<\/li>\n<li>Soporte t\u00e9cnico a nuestros Clientes.<\/li>\n<\/ul>\n<p>Para ello, la oficina t\u00e9cnica de <span style=\"color: #0a6bcc\"><strong>PH Technology<\/strong><\/span> est\u00e1 dotada de herramientas de software globalmente reconocidas en su \u00e1mbito:<\/p>\n<ul>\n<li>Modelaci\u00f3n de s\u00f3lidos y dise\u00f1o FEM: SolidWorks<\/li>\n<li>C\u00e1lculo de stress y flexibilidad tuber\u00edas: CAESAR II, AutoPipe<\/li>\n<li>Modelaci\u00f3n de plantas industriales: AutoPlan<\/li>\n<\/ul>\n<p><a title=\"Contacto\" href=\"http:\/\/ph.inboundmarketer.es\/contacto\/\">Contacte con nuestra oficina t\u00e9cnica<\/a> y h\u00e1ganos conocer sus necesidades.<\/p>\n","protected":false},"excerpt":{"rendered":"<p>Como base de su proceso productivo, PH Technology cuenta con una oficina t\u00e9cnica que a\u00fana la experiencia de su personal t\u00e9cnico con las m\u00e1s modernas herramientas inform\u00e1ticas para la realizaci\u00f3n del dise\u00f1o b\u00e1sico\/detalle de los diferentes proyectos a realizar. En este sentido, nuestra oficina t\u00e9cnica le ofrece la realizaci\u00f3n de las siguientes tareas: Asesor\u00eda en [&hellip;]<\/p>\n","protected":false},"author":2,"featured_media":0,"parent":0,"menu_order":0,"comment_status":"closed","ping_status":"open","template":"","meta":{"footnotes":""},"class_list":["post-382","page","type-page","status-publish","hentry"],"yoast_head":"<!-- This site is optimized with the Yoast SEO plugin v27.2 - https:\/\/yoast.com\/product\/yoast-seo-wordpress\/ -->\n<title>Oficina t\u00e9cnica - Grupohpt English<\/title>\n<meta name=\"robots\" content=\"index, follow, max-snippet:-1, max-image-preview:large, max-video-preview:-1\" \/>\n<link rel=\"canonical\" href=\"https:\/\/grupopht.com\/en\/oficina-tecnica\/\" \/>\n<meta property=\"og:locale\" content=\"en_US\" \/>\n<meta property=\"og:type\" content=\"article\" \/>\n<meta property=\"og:title\" content=\"Oficina t\u00e9cnica - Grupohpt English\" \/>\n<meta property=\"og:description\" content=\"Como base de su proceso productivo, PH Technology cuenta con una oficina t\u00e9cnica que a\u00fana la experiencia de su personal t\u00e9cnico con las m\u00e1s modernas herramientas inform\u00e1ticas para la realizaci\u00f3n del dise\u00f1o b\u00e1sico\/detalle de los diferentes proyectos a realizar. En este sentido, nuestra oficina t\u00e9cnica le ofrece la realizaci\u00f3n de las siguientes tareas: Asesor\u00eda en [&hellip;]\" \/>\n<meta property=\"og:url\" content=\"https:\/\/grupopht.com\/en\/oficina-tecnica\/\" \/>\n<meta property=\"og:site_name\" content=\"Grupohpt English\" \/>\n<meta name=\"twitter:card\" content=\"summary_large_image\" \/>\n<meta name=\"twitter:label1\" content=\"Est. reading time\" \/>\n\t<meta name=\"twitter:data1\" content=\"1 minute\" \/>\n<script type=\"application\/ld+json\" class=\"yoast-schema-graph\">{\"@context\":\"https:\/\/schema.org\",\"@graph\":[{\"@type\":\"WebPage\",\"@id\":\"https:\/\/grupopht.com\/en\/oficina-tecnica\/\",\"url\":\"https:\/\/grupopht.com\/en\/oficina-tecnica\/\",\"name\":\"Oficina t\u00e9cnica - Grupohpt English\",\"isPartOf\":{\"@id\":\"https:\/\/grupopht.com\/en\/#website\"},\"datePublished\":\"2012-02-09T14:54:48+00:00\",\"breadcrumb\":{\"@id\":\"https:\/\/grupopht.com\/en\/oficina-tecnica\/#breadcrumb\"},\"inLanguage\":\"en-US\",\"potentialAction\":[{\"@type\":\"ReadAction\",\"target\":[\"https:\/\/grupopht.com\/en\/oficina-tecnica\/\"]}]},{\"@type\":\"BreadcrumbList\",\"@id\":\"https:\/\/grupopht.com\/en\/oficina-tecnica\/#breadcrumb\",\"itemListElement\":[{\"@type\":\"ListItem\",\"position\":1,\"name\":\"Portada\",\"item\":\"https:\/\/grupopht.com\/en\/\"},{\"@type\":\"ListItem\",\"position\":2,\"name\":\"Oficina t\u00e9cnica\"}]},{\"@type\":\"WebSite\",\"@id\":\"https:\/\/grupopht.com\/en\/#website\",\"url\":\"https:\/\/grupopht.com\/en\/\",\"name\":\"Grupohpt English\",\"description\":\"\",\"publisher\":{\"@id\":\"https:\/\/grupopht.com\/en\/#organization\"},\"potentialAction\":[{\"@type\":\"SearchAction\",\"target\":{\"@type\":\"EntryPoint\",\"urlTemplate\":\"https:\/\/grupopht.com\/en\/?s={search_term_string}\"},\"query-input\":{\"@type\":\"PropertyValueSpecification\",\"valueRequired\":true,\"valueName\":\"search_term_string\"}}],\"inLanguage\":\"en-US\"},{\"@type\":\"Organization\",\"@id\":\"https:\/\/grupopht.com\/en\/#organization\",\"name\":\"Grupohpt English\",\"url\":\"https:\/\/grupopht.com\/en\/\",\"logo\":{\"@type\":\"ImageObject\",\"inLanguage\":\"en-US\",\"@id\":\"https:\/\/grupopht.com\/en\/#\/schema\/logo\/image\/\",\"url\":\"https:\/\/grupopht.com\/en\/wp-content\/uploads\/sites\/2\/2018\/12\/ph-technology.png\",\"contentUrl\":\"https:\/\/grupopht.com\/en\/wp-content\/uploads\/sites\/2\/2018\/12\/ph-technology.png\",\"width\":600,\"height\":280,\"caption\":\"Grupohpt English\"},\"image\":{\"@id\":\"https:\/\/grupopht.com\/en\/#\/schema\/logo\/image\/\"}}]}<\/script>\n<!-- \/ Yoast SEO plugin. -->","yoast_head_json":{"title":"Oficina t\u00e9cnica - Grupohpt English","robots":{"index":"index","follow":"follow","max-snippet":"max-snippet:-1","max-image-preview":"max-image-preview:large","max-video-preview":"max-video-preview:-1"},"canonical":"https:\/\/grupopht.com\/en\/oficina-tecnica\/","og_locale":"en_US","og_type":"article","og_title":"Oficina t\u00e9cnica - Grupohpt English","og_description":"Como base de su proceso productivo, PH Technology cuenta con una oficina t\u00e9cnica que a\u00fana la experiencia de su personal t\u00e9cnico con las m\u00e1s modernas herramientas inform\u00e1ticas para la realizaci\u00f3n del dise\u00f1o b\u00e1sico\/detalle de los diferentes proyectos a realizar. En este sentido, nuestra oficina t\u00e9cnica le ofrece la realizaci\u00f3n de las siguientes tareas: Asesor\u00eda en [&hellip;]","og_url":"https:\/\/grupopht.com\/en\/oficina-tecnica\/","og_site_name":"Grupohpt English","twitter_card":"summary_large_image","twitter_misc":{"Est. reading time":"1 minute"},"schema":{"@context":"https:\/\/schema.org","@graph":[{"@type":"WebPage","@id":"https:\/\/grupopht.com\/en\/oficina-tecnica\/","url":"https:\/\/grupopht.com\/en\/oficina-tecnica\/","name":"Oficina t\u00e9cnica - Grupohpt English","isPartOf":{"@id":"https:\/\/grupopht.com\/en\/#website"},"datePublished":"2012-02-09T14:54:48+00:00","breadcrumb":{"@id":"https:\/\/grupopht.com\/en\/oficina-tecnica\/#breadcrumb"},"inLanguage":"en-US","potentialAction":[{"@type":"ReadAction","target":["https:\/\/grupopht.com\/en\/oficina-tecnica\/"]}]},{"@type":"BreadcrumbList","@id":"https:\/\/grupopht.com\/en\/oficina-tecnica\/#breadcrumb","itemListElement":[{"@type":"ListItem","position":1,"name":"Portada","item":"https:\/\/grupopht.com\/en\/"},{"@type":"ListItem","position":2,"name":"Oficina t\u00e9cnica"}]},{"@type":"WebSite","@id":"https:\/\/grupopht.com\/en\/#website","url":"https:\/\/grupopht.com\/en\/","name":"Grupohpt English","description":"","publisher":{"@id":"https:\/\/grupopht.com\/en\/#organization"},"potentialAction":[{"@type":"SearchAction","target":{"@type":"EntryPoint","urlTemplate":"https:\/\/grupopht.com\/en\/?s={search_term_string}"},"query-input":{"@type":"PropertyValueSpecification","valueRequired":true,"valueName":"search_term_string"}}],"inLanguage":"en-US"},{"@type":"Organization","@id":"https:\/\/grupopht.com\/en\/#organization","name":"Grupohpt English","url":"https:\/\/grupopht.com\/en\/","logo":{"@type":"ImageObject","inLanguage":"en-US","@id":"https:\/\/grupopht.com\/en\/#\/schema\/logo\/image\/","url":"https:\/\/grupopht.com\/en\/wp-content\/uploads\/sites\/2\/2018\/12\/ph-technology.png","contentUrl":"https:\/\/grupopht.com\/en\/wp-content\/uploads\/sites\/2\/2018\/12\/ph-technology.png","width":600,"height":280,"caption":"Grupohpt English"},"image":{"@id":"https:\/\/grupopht.com\/en\/#\/schema\/logo\/image\/"}}]}},"_links":{"self":[{"href":"https:\/\/grupopht.com\/en\/wp-json\/wp\/v2\/pages\/382","targetHints":{"allow":["GET"]}}],"collection":[{"href":"https:\/\/grupopht.com\/en\/wp-json\/wp\/v2\/pages"}],"about":[{"href":"https:\/\/grupopht.com\/en\/wp-json\/wp\/v2\/types\/page"}],"author":[{"embeddable":true,"href":"https:\/\/grupopht.com\/en\/wp-json\/wp\/v2\/users\/2"}],"replies":[{"embeddable":true,"href":"https:\/\/grupopht.com\/en\/wp-json\/wp\/v2\/comments?post=382"}],"version-history":[{"count":0,"href":"https:\/\/grupopht.com\/en\/wp-json\/wp\/v2\/pages\/382\/revisions"}],"wp:attachment":[{"href":"https:\/\/grupopht.com\/en\/wp-json\/wp\/v2\/media?parent=382"}],"curies":[{"name":"wp","href":"https:\/\/api.w.org\/{rel}","templated":true}]}}